{"id":36,"date":"2011-03-05T08:24:11","date_gmt":"2011-03-05T08:24:11","guid":{"rendered":"http:\/\/www.zele-racing.com\/?page_id=36"},"modified":"2011-04-18T13:47:07","modified_gmt":"2011-04-18T13:47:07","slug":"site-notice","status":"publish","type":"page","link":"https:\/\/www.zele-racing.com\/?page_id=36","title":{"rendered":"AGB"},"content":{"rendered":"<p>Firmendaten laut E-Commerce Gesetz ::<\/p>\n<p>Mit Ihrer schriftlichen Anmeldung f\u00fcr einen Kurs von Zele-Racing unterstellen Sie sich folgenden Allgemeinen Vertragsbedingungen:<br \/>\n1. Vertragsgegenstand<br \/>\nDie Firma Zele-Racing f\u00fchrt f\u00fcr Sie Motorsportveranstaltungen laut deren Brosch\u00fcre und Beschreibungen durch.<br \/>\n2. Vertragsabschlu\u00df<br \/>\n2.1. Der Vertrag zwischen Ihnen und der Firma Zele-Racing kommt mit der Entgegennahme Ihrer schriftlichen Anmeldung zustande.<br \/>\n2.2. Nach Vertragsabschlu\u00df k\u00f6nnen auf Wunsch des Kunden Umbuchungen auf einen Ersatzteilnehmer vorgenommen werden, sofern wir Ihre Mitteilung 14 Tage vor dem vereinbarten Kursbeginn erhalten (Gruppen ausgeschlossen). Weiterhin ist Vorraussetzung, dass der neue Kursteilnehmer die pers\u00f6nlichen Voraussetzungen f\u00fcr den Kurs erf\u00fcllt. Geleistete Anzahlungen bleiben f\u00fcr den neuen Kursteilnehmer bestehen. Umbuchungen, die den von Ihnen gebuchten Kurs betreffen, sind nur mit Einverst\u00e4ndnis von Zele-Racing m\u00f6glich.<br \/>\n3. Preise<br \/>\n3.1.Kurspreise: Die Preise f\u00fcr die Arrangements der entsprechenden Veranstaltung ergeben sich aus der jeweiligen Ausschreibung. Zahlungen sind in Euro spesenfrei an Fa. Zele-Racing zu t\u00e4tigen (sofern nicht anders angegeben oder vereinbart). Alle Preise verstehen sich zuz\u00fcglich Mehrwertsteuer.<br \/>\n3.2. Preis\u00e4nderungen: Die Firma Zele-Racing beh\u00e4lt sich vor, die bei Vertragsabschlu\u00df festgelegten Preise angemessen und unter Ber\u00fccksichtigung nachstehend beispielhaft aufgez\u00e4hlter Preisfaktoren aus wichtigen, unvorhergesehenen Gr\u00fcnden zu \u00e4ndern, insbesondere bei nachtr\u00e4glichen Ver\u00e4nderungen der beh\u00f6rdlich festgelegten Abgaben oder Geb\u00fchren, Steuern, Preise f\u00fcr Rennstreckenmiete oder Wechselkurse, sofern in jedem Einzelfall zwischen Vertragsabschluss und Beginn des Kurses mehr als vier Monate liegen. \u00dcbersteigen die Preiserh\u00f6hungen 5% des vereinbarten Preises, ist der Kunde berechtigt, ohne Zahlung eines Entgeldes von dem Vertrag zur\u00fcckzutreten. Der R\u00fccktritt muss innerhalb 10 Tagen nach Bekanntmachung schriftlich erkl\u00e4rt werden.<br \/>\n4. Haftung<br \/>\n4.1 Soweit Zele-Racing als solche gekennzeichnete Vermittlungsleistungen erbringt, handelt sie grunds\u00e4tzlich im Auftrage des jeweiligen Veranstalters, auch wenn die Rechnungsstellung im eigenen Namen erfolgen sollte. Zele-Racing haftet in diesem Fall nicht f\u00fcr sorgf\u00e4ltige und mangelfreie Erbringung der vermittelten Leistung des Veranstalters.<br \/>\n4.2. F\u00fcr s\u00e4mtliche Schadensersatzanspr\u00fcche des Kunden, sofern es nicht K\u00f6rpersch\u00e4den sind, haftet Zele-Racing gegen\u00fcber dem Kunden beschr\u00e4nkt auf den dreifachen Preis des Arrangements der entsprechenden Veranstaltung, soweit ein Schaden des Kunden durch Zele-Racing weder vors\u00e4tzlich noch grob fahrl\u00e4ssig herbeigef\u00fchrt wurde, oder soweit Zele-Racing f\u00fcr einen dem Kunden entstehenden Schaden allein wegen eines Verschuldens eines Leistungstr\u00e4gers verantwortlich ist. Gelten f\u00fcr eine von einem Leistungstr\u00e4ger zu erbringende Leistung gesetzliche Vorschriften, nach denen ein Anspruch auf Schadensersatz nur unter bestimmten Vorraussetzungen oder Beschr\u00e4nkungen entsteht oder geltend gemacht werden kann oder unter bestimmten Voraussetzungen ausgeschlossen ist, so kann sich Zele-Racing gegen\u00fcber dem Kunden hierauf berufen.<br \/>\n4.3. Alle Fahrzeuge sind versichert. Die Versicherung beinhaltet das komplette Fahrzeug f\u00fcr Kursprogramme Formel Opel Lotus sowie Formel 3000. Der Selbstbehalt betr\u00e4gt f\u00fcr Formel Opel Lotus EURO 2.000.- und f\u00fcr Formel 3000 Euro 4.000.-. Sch\u00e4den am Motor und Getriebe die nachweislich durch grobe Fahrl\u00e4ssigkeit oder grobes Fehlverhalten (z.B. \u00dcberdrehen des Motors, Verschalten usw.) des Fahrers verursacht werden sind nicht versichert.<br \/>\n4.4. Entstehen Sch\u00e4den w\u00e4hrend einer Veranstaltung von Zele-Racing an einem Rennwagen (Personen ausgeschlossen) durch einen Fahrfehler eines Sch\u00fclers, haftet Zele-Racing f\u00fcr den materiellen Schaden gem\u00e4ss der Versicherung aus dem Punkt 4.3..<br \/>\n4.5. Sonstige Versicherungen: Zele-Racing empfiehlt seinen Kunden den Abschluss einer Reisegep\u00e4ck-, Reiseunfall-, Reisekranken-, Reisehaftpflicht- und Reiser\u00fccktrittskostenversicherung.<\/p>\n<p>5. R\u00fccktritt des Kunden vor Kursbeginn<br \/>\n5.1. Nach Vertragsabschlu\u00df muss die gebuchte Veranstaltung besucht werden.<br \/>\n5.2. Ersatzperson: Siehe 2.2.<br \/>\n5.3. R\u00fccktritt: Bei R\u00fccktritt des Kunden nach schriftlicher Anmeldung und ohne eine Ersatzperson zu stellen, wird Ihnen die gebuchte Veranstaltung wie folgt verrechnet (allf\u00e4llige von uns nachzuweisende Forderungen f\u00fcr Stornierungen f\u00fcr Hotelbuchungen, Fl\u00fcge, Mietwagen oder sonstige Arrangements werden Ihnen entsprechend in Rechnung gestellt):<br \/>\nStornofrist:unsere Berechnung: bis 14 Tage vor Kurstermin 50 % des Kurspreises bis 3 Tage vor Kurstermin 75 % des gesamten Kurspreises 13 bis 0 Tage vor Kurstermin 100 % des Kurspreises.<\/p>\n<p>6. Sie nehmen am Kurs teil, k\u00f6nnen ihn aber nicht beenden<br \/>\nSollten Sie aus irgendeinem Grund die Veranstaltung vorzeitig abbrechen, so kann Ihnen die Fa. Zele-Racing den Preis f\u00fcr das von Ihnen gebuchte Arrangement nicht zur\u00fcckerstatten.<\/p>\n<p>7. Zele Racing kann den Kurs nicht wie vereinbart durchf\u00fchren<br \/>\n7.1. Unterbeteiligung: Beteiligen sich an einer Zele-Racing Veranstaltung zu wenig Teilnehmer oder liegen andere Umst\u00e4nde vor, die eine Durchf\u00fchrung f\u00fcr Zele Racing wirtschaftlich unzumutbar machen, beh\u00e4lt sich Zele-Racing vor, den Kurs zu verschieben, ihn mit einer anderen Gruppe zusammenzulegen oder ihn zu stornieren. Die betroffenen Teilnehmer w\u00fcrden in einem solchen Fall vor Kurstermin benachrichtigt. Soweit ein Termin verschoben wird und ein Teilnehmer den neuen Termin nicht wahrnehmen kann, kann er gegen\u00fcber Zele-Racing innerhalb 10 Tagen nach Mitteilung der Verschiebung den R\u00fccktritt von der Veranstaltung erkl\u00e4ren. In diesem Fall, und bei Totalausfall, erstattet Zele-Racing die bisher geleisteten Zahlungen zur\u00fcck.<br \/>\n7.2. Falls eine Zele-Racing &#8211; Veranstaltung durch h\u00f6here Gewalt oder durch sonstige nicht von Zele-Racing zu vertretende Umst\u00e4nde vor Ort nicht begonnen werden kann, so werden dem Teilnehmer Ausweichdaten f\u00fcr eine regul\u00e4re Fortsetzung des Kurses angeboten. K\u00f6nnen sich die Partner nicht einigen, so werden die geleisteten Zahlungen zur\u00fcckerstattet. Wird eine Zele-Racing Veranstaltung nicht zu Ende gef\u00fchrt, und k\u00f6nnen sich die Partner f\u00fcr eine Fortsetzung nicht einigen, wird f\u00fcr den ausstehenden Kursteil ein angemessener Betrag gutgeschrieben<br \/>\n8. Wetter<br \/>\nDie Opel Lotus Kurse finden unabh\u00e4ngig vom Wetter statt. Formel 3000 Kurse werden aus Sicherheitsgr\u00fcnden nur bei trockenem Wetter durchgef\u00fchrt. Nur im Extremfall tr\u00e4gt Zele-Racing die Entscheidung \u00fcber die Art der Durchf\u00fchrung und \u00fcber die eventuelle anteilige R\u00fcckerstattung an die Kunden.<br \/>\n9. Gerichtsstand<br \/>\nGerichtsstand ist Klagenfurt und zwischen den Vertragsparteien ist ausschlie\u00dflich \u00f6sterreichisches Recht anwendbar. Als Gerichtsstand wird &#8211; soweit gesetzlich zul\u00e4ssig &#8211; Klagenfurt vereinbart.<br \/>\n10. Ich best\u00e4tige mit meiner Unterschrift alle Punkte der AGB gelesen und verstanden zu haben. Weiters verzichte ich auf Anfechtung dieser verbindlichen Anmeldung wegen Zwang oder Irrtum.<\/p>\n","protected":false},"excerpt":{"rendered":"<p>Firmendaten laut E-Commerce Gesetz :: Mit Ihrer schriftlichen Anmeldung f\u00fcr einen Kurs von Zele-Racing unterstellen Sie sich folgenden Allgemeinen Vertragsbedingungen: 1. Vertragsgegenstand Die Firma Zele-Racing f\u00fchrt f\u00fcr Sie Motorsportveranstaltungen laut deren Brosch\u00fcre und Beschreibungen durch. 2. Vertragsabschlu\u00df 2.1. Der Vertrag zwischen Ihnen und der Firma Zele-Racing kommt mit der Entgegennahme Ihrer schriftlichen Anmeldung zustande. 2.2. &hellip; <\/p>\n<p><a class=\"more-link btn\" href=\"https:\/\/www.zele-racing.com\/?page_id=36\">Weiterlesen<\/a><\/p>\n","protected":false},"author":1,"featured_media":0,"parent":34,"menu_order":1,"comment_status":"open","ping_status":"open","template":"","meta":{"ngg_post_thumbnail":0,"footnotes":""},"_links":{"self":[{"href":"https:\/\/www.zele-racing.com\/index.php?rest_route=\/wp\/v2\/pages\/36"}],"collection":[{"href":"https:\/\/www.zele-racing.com\/index.php?rest_route=\/wp\/v2\/pages"}],"about":[{"href":"https:\/\/www.zele-racing.com\/index.php?rest_route=\/wp\/v2\/types\/page"}],"author":[{"embeddable":true,"href":"https:\/\/www.zele-racing.com\/index.php?rest_route=\/wp\/v2\/users\/1"}],"replies":[{"embeddable":true,"href":"https:\/\/www.zele-racing.com\/index.php?rest_route=%2Fwp%2Fv2%2Fcomments&post=36"}],"version-history":[{"count":4,"href":"https:\/\/www.zele-racing.com\/index.php?rest_route=\/wp\/v2\/pages\/36\/revisions"}],"predecessor-version":[{"id":162,"href":"https:\/\/www.zele-racing.com\/index.php?rest_route=\/wp\/v2\/pages\/36\/revisions\/162"}],"up":[{"embeddable":true,"href":"https:\/\/www.zele-racing.com\/index.php?rest_route=\/wp\/v2\/pages\/34"}],"wp:attachment":[{"href":"https:\/\/www.zele-racing.com\/index.php?rest_route=%2Fwp%2Fv2%2Fmedia&parent=36"}],"curies":[{"name":"wp","href":"https:\/\/api.w.org\/{rel}","templated":true}]}}